{"id":904,"date":"2021-04-27T14:38:01","date_gmt":"2021-04-27T12:38:01","guid":{"rendered":"https:\/\/residenceazibert.com\/?page_id=904"},"modified":"2022-12-19T09:15:08","modified_gmt":"2022-12-19T08:15:08","slug":"reservation-2","status":"publish","type":"page","link":"https:\/\/residenceazibert.com\/en\/reservation-2\/","title":{"rendered":"R\u00e9servation"},"content":{"rendered":"\t\t<div data-elementor-type=\"wp-page\" data-elementor-id=\"904\" class=\"elementor elementor-904\" data-elementor-settings=\"[]\">\n\t\t\t\t\t\t\t<div class=\"elementor-section-wrap\">\n\t\t\t\t\t\t\t<section class=\"penci-section penci-disSticky penci-structure-10 elementor-section elementor-top-section elementor-element elementor-element-74a0492 elementor-section-boxed elementor-section-height-default elementor-section-height-default\" data-id=\"74a0492\" data-element_type=\"section\" data-settings=\"{&quot;background_background&quot;:&quot;classic&quot;}\">\n\t\t\t\t\t\t<div class=\"elementor-container elementor-column-gap-extended\">\n\t\t\t\t\t<div class=\"penci-ercol-100 penci-ercol-order-1 penci-sticky-ct  elementor-column elementor-col-100 elementor-top-column elementor-element elementor-element-c0fe9d6\" data-id=\"c0fe9d6\" data-element_type=\"column\">\n\t\t\t<div class=\"elementor-widget-wrap elementor-element-populated\">\n\t\t\t\t\t\t\t\t<div class=\"elementor-element elementor-element-d18ec6c elementor-widget elementor-widget-penci-fancy_heading\" data-id=\"d18ec6c\" data-element_type=\"widget\" data-widget_type=\"penci-fancy_heading.default\">\n\t\t\t\t<div class=\"elementor-widget-container\">\n\t\t\t\t\t<div class=\"penci-fancy-heading penci-heading-text-center\">\n\t\t\t<div class=\"penci-fancy-heading-inner\">\n\t\t\t\t<h2 class=\"penci-heading-title\">Book<\/h2>\t\t\t<\/div>\n\t\t<\/div>\n\t\t\t\t<\/div>\n\t\t\t\t<\/div>\n\t\t\t\t\t<\/div>\n\t\t<\/div>\n\t\t\t\t\t\t\t<\/div>\n\t\t<\/section>\n\t\t\t\t<section class=\"penci-section penci-disSticky penci-structure-20 elementor-section elementor-top-section elementor-element elementor-element-039f970 elementor-section-boxed elementor-section-height-default elementor-section-height-default\" data-id=\"039f970\" data-element_type=\"section\">\n\t\t\t\t\t\t<div class=\"elementor-container elementor-column-gap-extended\">\n\t\t\t\t\t<div class=\"penci-ercol-50 penci-ercol-order-1 penci-sticky-ct  elementor-column elementor-col-50 elementor-top-column elementor-element elementor-element-734f943\" data-id=\"734f943\" data-element_type=\"column\">\n\t\t\t<div class=\"elementor-widget-wrap elementor-element-populated\">\n\t\t\t\t\t\t\t\t<div class=\"elementor-element elementor-element-802474f elementor-widget elementor-widget-penci-info-box\" data-id=\"802474f\" data-element_type=\"widget\" data-widget_type=\"penci-info-box.default\">\n\t\t\t\t<div class=\"elementor-widget-container\">\n\t\t\t\t\t<div id=\"penci_info_box_29894\" class=\"penci-block-vc penci-info-box penci-ibox-top-center penci-view-default penci-shape-circle\">\n\t\t\t<div class=\"penci-ibox-inner\">\n\t\t\t\t<div class=\"penci-ibox-icon penci-ibox-icon--icon penci-icon \"><span class=\"penci-ibox-icon-fa\"><i class=\"penci-ibox-icon--i fa fa-user-circle\" aria-hidden=\"true\"><\/i><\/span><\/div>\t\t\t\t<div class=\"penci-ibox-content\">\n\t\t\t\t\t<h3 class=\"penci-ibox-title\">Room service (24-h)<\/h3>\t\t\t\t\t\t\t\t\t\t\t\t\t\t<\/div>\n\t\t\t<\/div>\n\t\t<\/div>\n\t\t\t\t<\/div>\n\t\t\t\t<\/div>\n\t\t\t\t\t<\/div>\n\t\t<\/div>\n\t\t\t\t<div class=\"penci-ercol-50 penci-ercol-order-2 penci-sticky-ct  elementor-column elementor-col-50 elementor-top-column elementor-element elementor-element-4d24fde\" data-id=\"4d24fde\" data-element_type=\"column\">\n\t\t\t<div class=\"elementor-widget-wrap elementor-element-populated\">\n\t\t\t\t\t\t\t\t<div class=\"elementor-element elementor-element-9ab8931 elementor-widget elementor-widget-penci-info-box\" data-id=\"9ab8931\" data-element_type=\"widget\" data-widget_type=\"penci-info-box.default\">\n\t\t\t\t<div class=\"elementor-widget-container\">\n\t\t\t\t\t<div id=\"penci_info_box_91044\" class=\"penci-block-vc penci-info-box penci-ibox-top-center penci-view-default penci-shape-circle\">\n\t\t\t<div class=\"penci-ibox-inner\">\n\t\t\t\t<div class=\"penci-ibox-icon penci-ibox-icon--icon penci-icon \"><span class=\"penci-ibox-icon-fa\"><i class=\"penci-ibox-icon--i fa fa-magic\" aria-hidden=\"true\"><\/i><\/span><\/div>\t\t\t\t<div class=\"penci-ibox-content\">\n\t\t\t\t\t<h3 class=\"penci-ibox-title\">Luxury suite<\/h3>\t\t\t\t\t\t\t\t\t\t\t\t\t\t<\/div>\n\t\t\t<\/div>\n\t\t<\/div>\n\t\t\t\t<\/div>\n\t\t\t\t<\/div>\n\t\t\t\t\t<\/div>\n\t\t<\/div>\n\t\t\t\t\t\t\t<\/div>\n\t\t<\/section>\n\t\t\t\t<section class=\"penci-section penci-disSticky penci-structure-20 elementor-section elementor-top-section elementor-element elementor-element-b0e363b elementor-section-full_width elementor-section-content-middle elementor-section-height-default elementor-section-height-default\" data-id=\"b0e363b\" data-element_type=\"section\">\n\t\t\t\t\t\t<div class=\"elementor-container elementor-column-gap-no\">\n\t\t\t\t\t<div class=\"penci-ercol-50 penci-ercol-order-1 penci-sticky-ct  elementor-column elementor-col-50 elementor-top-column elementor-element elementor-element-8e0c78a\" data-id=\"8e0c78a\" data-element_type=\"column\">\n\t\t\t<div class=\"elementor-widget-wrap elementor-element-populated\">\n\t\t\t\t\t\t\t\t<div class=\"elementor-element elementor-element-f9b83b5 elementor-widget elementor-widget-image\" data-id=\"f9b83b5\" data-element_type=\"widget\" data-widget_type=\"image.default\">\n\t\t\t\t<div class=\"elementor-widget-container\">\n\t\t\t\t\t<div class=\"elementor-image\">\n\t\t\t\t\t\t\t\t\t\t\t<a href=\"https:\/\/residenceazibert.com\/wp-content\/uploads\/2021\/04\/reseravation-1.jpg\" data-elementor-open-lightbox=\"yes\" data-elementor-lightbox-title=\"reseravation-1\">\n\t\t\t\t\t\t\t<img width=\"1000\" height=\"1000\" src=\"https:\/\/residenceazibert.com\/wp-content\/uploads\/2021\/04\/reseravation-1.jpg\" class=\"attachment-large size-large\" alt=\"\" decoding=\"async\" loading=\"lazy\" srcset=\"https:\/\/residenceazibert.com\/wp-content\/uploads\/2021\/04\/reseravation-1.jpg 1000w, https:\/\/residenceazibert.com\/wp-content\/uploads\/2021\/04\/reseravation-1-300x300.jpg 300w, https:\/\/residenceazibert.com\/wp-content\/uploads\/2021\/04\/reseravation-1-150x150.jpg 150w, https:\/\/residenceazibert.com\/wp-content\/uploads\/2021\/04\/reseravation-1-768x768.jpg 768w, https:\/\/residenceazibert.com\/wp-content\/uploads\/2021\/04\/reseravation-1-85x85.jpg 85w, https:\/\/residenceazibert.com\/wp-content\/uploads\/2021\/04\/reseravation-1-250x250.jpg 250w, https:\/\/residenceazibert.com\/wp-content\/uploads\/2021\/04\/reseravation-1-360x360.jpg 360w, https:\/\/residenceazibert.com\/wp-content\/uploads\/2021\/04\/reseravation-1-585x585.jpg 585w\" sizes=\"(max-width: 1000px) 100vw, 1000px\" \/>\t\t\t\t\t\t\t\t<\/a>\n\t\t\t\t\t\t\t\t\t\t\t<\/div>\n\t\t\t\t<\/div>\n\t\t\t\t<\/div>\n\t\t\t\t\t<\/div>\n\t\t<\/div>\n\t\t\t\t<div class=\"penci-ercol-50 penci-ercol-order-2 penci-sticky-ct  elementor-column elementor-col-50 elementor-top-column elementor-element elementor-element-daaa12e\" data-id=\"daaa12e\" data-element_type=\"column\" data-settings=\"{&quot;background_background&quot;:&quot;classic&quot;}\">\n\t\t\t<div class=\"elementor-widget-wrap elementor-element-populated\">\n\t\t\t\t\t\t\t\t<div class=\"elementor-element elementor-element-59ac78e elementor-widget elementor-widget-penci-fancy_heading\" data-id=\"59ac78e\" data-element_type=\"widget\" data-widget_type=\"penci-fancy_heading.default\">\n\t\t\t\t<div class=\"elementor-widget-container\">\n\t\t\t\t\t<div class=\"penci-fancy-heading penci-heading-text-left\">\n\t\t\t<div class=\"penci-fancy-heading-inner\">\n\t\t\t\t<h2 class=\"penci-heading-title\">S + 0<\/h2><div class=\"penci-heading-content entry-content\"><p>American studios.<br \/>\nAccess to swimming pool, gym and VIP lounge<\/p>\n<\/div>\t\t\t<\/div>\n\t\t<\/div>\n\t\t\t\t<\/div>\n\t\t\t\t<\/div>\n\t\t\t\t<div class=\"elementor-element elementor-element-b8a319b elementor-widget elementor-widget-button\" data-id=\"b8a319b\" data-element_type=\"widget\" data-widget_type=\"button.default\">\n\t\t\t\t<div class=\"elementor-widget-container\">\n\t\t\t\t\t<div class=\"elementor-button-wrapper\">\n\t\t\t<a href=\"https:\/\/residenceazibert.com\/en\/reservation-form\/\" class=\"elementor-button-link elementor-button elementor-size-lg\" role=\"button\">\n\t\t\t\t\t\t<span class=\"elementor-button-content-wrapper\">\n\t\t\t\t\t\t<span class=\"elementor-button-text\">Book<\/span>\n\t\t<\/span>\n\t\t\t\t\t<\/a>\n\t\t<\/div>\n\t\t\t\t<\/div>\n\t\t\t\t<\/div>\n\t\t\t\t\t<\/div>\n\t\t<\/div>\n\t\t\t\t\t\t\t<\/div>\n\t\t<\/section>\n\t\t\t\t<section class=\"penci-section penci-disSticky penci-structure-20 elementor-section elementor-top-section elementor-element elementor-element-81ee04c elementor-section-full_width elementor-section-content-middle elementor-section-height-default elementor-section-height-default\" data-id=\"81ee04c\" data-element_type=\"section\">\n\t\t\t\t\t\t<div class=\"elementor-container elementor-column-gap-no\">\n\t\t\t\t\t<div class=\"penci-ercol-50 penci-ercol-order-1 penci-sticky-ct  elementor-column elementor-col-50 elementor-top-column elementor-element elementor-element-de006f2\" data-id=\"de006f2\" data-element_type=\"column\" data-settings=\"{&quot;background_background&quot;:&quot;classic&quot;}\">\n\t\t\t<div class=\"elementor-widget-wrap elementor-element-populated\">\n\t\t\t\t\t\t\t\t<div class=\"elementor-element elementor-element-d3ac95c elementor-widget elementor-widget-penci-fancy_heading\" data-id=\"d3ac95c\" data-element_type=\"widget\" data-widget_type=\"penci-fancy_heading.default\">\n\t\t\t\t<div class=\"elementor-widget-container\">\n\t\t\t\t\t<div class=\"penci-fancy-heading penci-heading-text-left\">\n\t\t\t<div class=\"penci-fancy-heading-inner\">\n\t\t\t\t<h2 class=\"penci-heading-title\">S+1<\/h2><div class=\"penci-heading-content entry-content\"><p>Une chambre, un salon avec tout le n\u00e9cessaire .<br \/>\nAcc\u00e8s \u00e0 la piscine,  salle de gym et salon VIP<\/p>\n<\/div>\t\t\t<\/div>\n\t\t<\/div>\n\t\t\t\t<\/div>\n\t\t\t\t<\/div>\n\t\t\t\t<div class=\"elementor-element elementor-element-411ffe9 elementor-widget elementor-widget-button\" data-id=\"411ffe9\" data-element_type=\"widget\" data-widget_type=\"button.default\">\n\t\t\t\t<div class=\"elementor-widget-container\">\n\t\t\t\t\t<div class=\"elementor-button-wrapper\">\n\t\t\t<a href=\"https:\/\/residenceazibert.com\/en\/reservation-form\/\" class=\"elementor-button-link elementor-button elementor-size-lg\" role=\"button\">\n\t\t\t\t\t\t<span class=\"elementor-button-content-wrapper\">\n\t\t\t\t\t\t<span class=\"elementor-button-text\">Book<\/span>\n\t\t<\/span>\n\t\t\t\t\t<\/a>\n\t\t<\/div>\n\t\t\t\t<\/div>\n\t\t\t\t<\/div>\n\t\t\t\t\t<\/div>\n\t\t<\/div>\n\t\t\t\t<div class=\"penci-ercol-50 penci-ercol-order-2 penci-sticky-ct  elementor-column elementor-col-50 elementor-top-column elementor-element elementor-element-445f7f3\" data-id=\"445f7f3\" data-element_type=\"column\">\n\t\t\t<div class=\"elementor-widget-wrap elementor-element-populated\">\n\t\t\t\t\t\t\t\t<div class=\"elementor-element elementor-element-189bbbb elementor-widget elementor-widget-image\" data-id=\"189bbbb\" data-element_type=\"widget\" data-widget_type=\"image.default\">\n\t\t\t\t<div class=\"elementor-widget-container\">\n\t\t\t\t\t<div class=\"elementor-image\">\n\t\t\t\t\t\t\t\t\t\t\t<a href=\"https:\/\/residenceazibert.com\/wp-content\/uploads\/2021\/04\/reseravation-2.jpg\" data-elementor-open-lightbox=\"yes\" data-elementor-lightbox-title=\"reseravation-2\">\n\t\t\t\t\t\t\t<img width=\"1000\" height=\"1000\" src=\"https:\/\/residenceazibert.com\/wp-content\/uploads\/2021\/04\/reseravation-2.jpg\" class=\"attachment-large size-large\" alt=\"\" decoding=\"async\" loading=\"lazy\" srcset=\"https:\/\/residenceazibert.com\/wp-content\/uploads\/2021\/04\/reseravation-2.jpg 1000w, https:\/\/residenceazibert.com\/wp-content\/uploads\/2021\/04\/reseravation-2-300x300.jpg 300w, https:\/\/residenceazibert.com\/wp-content\/uploads\/2021\/04\/reseravation-2-150x150.jpg 150w, https:\/\/residenceazibert.com\/wp-content\/uploads\/2021\/04\/reseravation-2-768x768.jpg 768w, https:\/\/residenceazibert.com\/wp-content\/uploads\/2021\/04\/reseravation-2-85x85.jpg 85w, https:\/\/residenceazibert.com\/wp-content\/uploads\/2021\/04\/reseravation-2-250x250.jpg 250w, https:\/\/residenceazibert.com\/wp-content\/uploads\/2021\/04\/reseravation-2-360x360.jpg 360w, https:\/\/residenceazibert.com\/wp-content\/uploads\/2021\/04\/reseravation-2-585x585.jpg 585w\" sizes=\"(max-width: 1000px) 100vw, 1000px\" \/>\t\t\t\t\t\t\t\t<\/a>\n\t\t\t\t\t\t\t\t\t\t\t<\/div>\n\t\t\t\t<\/div>\n\t\t\t\t<\/div>\n\t\t\t\t\t<\/div>\n\t\t<\/div>\n\t\t\t\t\t\t\t<\/div>\n\t\t<\/section>\n\t\t\t\t<section class=\"penci-section penci-disSticky penci-structure-10 elementor-section elementor-top-section elementor-element elementor-element-76b1673 elementor-section-boxed elementor-section-height-default elementor-section-height-default\" data-id=\"76b1673\" data-element_type=\"section\">\n\t\t\t\t\t\t<div class=\"elementor-container elementor-column-gap-no\">\n\t\t\t\t\t<div class=\"penci-ercol-100 penci-ercol-order-1 penci-sticky-ct  elementor-column elementor-col-100 elementor-top-column elementor-element elementor-element-00ad0d3\" data-id=\"00ad0d3\" data-element_type=\"column\">\n\t\t\t<div class=\"elementor-widget-wrap\">\n\t\t\t\t\t\t\t\t\t<\/div>\n\t\t<\/div>\n\t\t\t\t\t\t\t<\/div>\n\t\t<\/section>\n\t\t\t\t<section class=\"penci-section penci-disSticky penci-structure-10 elementor-section elementor-top-section elementor-element elementor-element-2e99ff1 elementor-section-boxed elementor-section-height-default elementor-section-height-default\" data-id=\"2e99ff1\" data-element_type=\"section\" data-settings=\"{&quot;background_background&quot;:&quot;classic&quot;}\">\n\t\t\t\t\t\t\t<div class=\"elementor-background-overlay\"><\/div>\n\t\t\t\t\t\t\t<div class=\"elementor-container elementor-column-gap-extended\">\n\t\t\t\t\t<div class=\"penci-ercol-100 penci-ercol-order-1 penci-sticky-ct  elementor-column elementor-col-100 elementor-top-column elementor-element elementor-element-89306c4\" data-id=\"89306c4\" data-element_type=\"column\">\n\t\t\t<div class=\"elementor-widget-wrap elementor-element-populated\">\n\t\t\t\t\t\t\t\t<div class=\"elementor-element elementor-element-8281c4a elementor-widget elementor-widget-penci-fancy_heading\" data-id=\"8281c4a\" data-element_type=\"widget\" data-widget_type=\"penci-fancy_heading.default\">\n\t\t\t\t<div class=\"elementor-widget-container\">\n\t\t\t\t\t<div class=\"penci-fancy-heading penci-heading-text-center\">\n\t\t\t<div class=\"penci-fancy-heading-inner\">\n\t\t\t\t<h2 class=\"penci-heading-title\">S+2<\/h2><div class=\"penci-heading-content entry-content\"><p>Deux chambres et un salon avec tout le n\u00e9cessaire<br \/>\nAcc\u00e8s \u00e0 la piscine,  salle de gym et salon VIP<\/p>\n<p>elle est dot\u00e9e des \u00e9quipements de s\u00e9curit\u00e9<\/p>\n<\/div>\t\t\t<\/div>\n\t\t<\/div>\n\t\t\t\t<\/div>\n\t\t\t\t<\/div>\n\t\t\t\t<div class=\"elementor-element elementor-element-93a029c elementor-align-center elementor-widget elementor-widget-button\" data-id=\"93a029c\" data-element_type=\"widget\" data-widget_type=\"button.default\">\n\t\t\t\t<div class=\"elementor-widget-container\">\n\t\t\t\t\t<div class=\"elementor-button-wrapper\">\n\t\t\t<a href=\"https:\/\/residenceazibert.com\/en\/reservation-form\/\" class=\"elementor-button-link elementor-button elementor-size-lg\" role=\"button\">\n\t\t\t\t\t\t<span class=\"elementor-button-content-wrapper\">\n\t\t\t\t\t\t<span class=\"elementor-button-text\">Book<\/span>\n\t\t<\/span>\n\t\t\t\t\t<\/a>\n\t\t<\/div>\n\t\t\t\t<\/div>\n\t\t\t\t<\/div>\n\t\t\t\t\t<\/div>\n\t\t<\/div>\n\t\t\t\t\t\t\t<\/div>\n\t\t<\/section>\n\t\t\t\t\t\t<\/div>\n\t\t\t\t\t<\/div>\n\t\t","protected":false},"excerpt":{"rendered":"<p>Book Room service (24-h) Luxury suite S + 0 American studios. Access to swimming pool, gym and VIP lounge Book S+1 Une chambre, un salon avec tout le n\u00e9cessaire .&hellip;<\/p>\n","protected":false},"author":1,"featured_media":0,"parent":0,"menu_order":0,"comment_status":"closed","ping_status":"closed","template":"page-fullwidth.php","meta":[],"yoast_head":"<!-- This site is optimized with the Yoast SEO plugin v16.3 - https:\/\/yoast.com\/wordpress\/plugins\/seo\/ -->\n<title>Residence room reservation online in Niamey | Azibert<\/title>\n<meta name=\"description\" content=\"Luxury residence in Niamey - book now! Access to the swimming pool, GYM room and VIP lounge are granted regardless of the type of room reserved.\" \/>\n<meta name=\"robots\" content=\"index, follow, max-snippet:-1, max-image-preview:large, max-video-preview:-1\" \/>\n<link rel=\"canonical\" href=\"https:\/\/residenceazibert.com\/en\/reservation-2\/\" \/>\n<meta property=\"og:locale\" content=\"en_US\" \/>\n<meta property=\"og:type\" content=\"article\" \/>\n<meta property=\"og:title\" content=\"Residence room reservation online in Niamey | Azibert\" \/>\n<meta property=\"og:description\" content=\"Luxury residence in Niamey - book now! Access to the swimming pool, GYM room and VIP lounge are granted regardless of the type of room reserved.\" \/>\n<meta property=\"og:url\" content=\"https:\/\/residenceazibert.com\/en\/reservation-2\/\" \/>\n<meta property=\"og:site_name\" content=\"Residence Azibert Niamey\" \/>\n<meta property=\"article:modified_time\" content=\"2022-12-19T08:15:08+00:00\" \/>\n<meta property=\"og:image\" content=\"https:\/\/residenceazibert.com\/wp-content\/uploads\/2021\/04\/reseravation-1.jpg\" \/>\n<meta name=\"twitter:card\" content=\"summary_large_image\" \/>\n<script type=\"application\/ld+json\" class=\"yoast-schema-graph\">{\"@context\":\"https:\/\/schema.org\",\"@graph\":[{\"@type\":\"WebSite\",\"@id\":\"https:\/\/residenceazibert.com\/#website\",\"url\":\"https:\/\/residenceazibert.com\/\",\"name\":\"Residence Azibert Niamey\",\"description\":\"Azibert une solution id\\u00e9ale pour un s\\u00e9jour agr\\u00e9able \\u00e0 Niamey, ind\\u00e9pendant et riche en plaisirs. :[fr] Azibert an ideal solution for a pleasant stay in Niamey, independent and rich in pleasures. :[en]\",\"potentialAction\":[{\"@type\":\"SearchAction\",\"target\":\"https:\/\/residenceazibert.com\/?s={search_term_string}\",\"query-input\":\"required name=search_term_string\"}],\"inLanguage\":\"en-US\"},{\"@type\":\"ImageObject\",\"@id\":\"https:\/\/residenceazibert.com\/en\/reservation-2\/#primaryimage\",\"inLanguage\":\"en-US\",\"url\":\"https:\/\/residenceazibert.com\/wp-content\/uploads\/2021\/04\/reseravation-1.jpg\",\"contentUrl\":\"https:\/\/residenceazibert.com\/wp-content\/uploads\/2021\/04\/reseravation-1.jpg\",\"width\":1000,\"height\":1000},{\"@type\":\"WebPage\",\"@id\":\"https:\/\/residenceazibert.com\/en\/reservation-2\/#webpage\",\"url\":\"https:\/\/residenceazibert.com\/en\/reservation-2\/\",\"name\":\"Residence room reservation online in Niamey | Azibert\",\"isPartOf\":{\"@id\":\"https:\/\/residenceazibert.com\/#website\"},\"primaryImageOfPage\":{\"@id\":\"https:\/\/residenceazibert.com\/en\/reservation-2\/#primaryimage\"},\"datePublished\":\"2021-04-27T12:38:01+00:00\",\"dateModified\":\"2022-12-19T08:15:08+00:00\",\"description\":\"Luxury residence in Niamey - book now! Access to the swimming pool, GYM room and VIP lounge are granted regardless of the type of room reserved.\",\"breadcrumb\":{\"@id\":\"https:\/\/residenceazibert.com\/en\/reservation-2\/#breadcrumb\"},\"inLanguage\":\"en-US\",\"potentialAction\":[{\"@type\":\"ReadAction\",\"target\":[\"https:\/\/residenceazibert.com\/en\/reservation-2\/\"]}]},{\"@type\":\"BreadcrumbList\",\"@id\":\"https:\/\/residenceazibert.com\/en\/reservation-2\/#breadcrumb\",\"itemListElement\":[{\"@type\":\"ListItem\",\"position\":1,\"item\":{\"@type\":\"WebPage\",\"@id\":\"https:\/\/residenceazibert.com\/en\/\",\"url\":\"https:\/\/residenceazibert.com\/en\/\",\"name\":\"Accueil\"}},{\"@type\":\"ListItem\",\"position\":2,\"item\":{\"@id\":\"https:\/\/residenceazibert.com\/en\/reservation-2\/#webpage\"}}]}]}<\/script>\n<!-- \/ Yoast SEO plugin. -->","_links":{"self":[{"href":"https:\/\/residenceazibert.com\/en\/wp-json\/wp\/v2\/pages\/904"}],"collection":[{"href":"https:\/\/residenceazibert.com\/en\/wp-json\/wp\/v2\/pages"}],"about":[{"href":"https:\/\/residenceazibert.com\/en\/wp-json\/wp\/v2\/types\/page"}],"author":[{"embeddable":true,"href":"https:\/\/residenceazibert.com\/en\/wp-json\/wp\/v2\/users\/1"}],"replies":[{"embeddable":true,"href":"https:\/\/residenceazibert.com\/en\/wp-json\/wp\/v2\/comments?post=904"}],"version-history":[{"count":24,"href":"https:\/\/residenceazibert.com\/en\/wp-json\/wp\/v2\/pages\/904\/revisions"}],"predecessor-version":[{"id":1039,"href":"https:\/\/residenceazibert.com\/en\/wp-json\/wp\/v2\/pages\/904\/revisions\/1039"}],"wp:attachment":[{"href":"https:\/\/residenceazibert.com\/en\/wp-json\/wp\/v2\/media?parent=904"}],"curies":[{"name":"wp","href":"https:\/\/api.w.org\/{rel}","templated":true}]}}